{"id":125,"date":"2017-01-13T13:00:39","date_gmt":"2017-01-13T13:00:39","guid":{"rendered":"http:\/\/apartmaniprivlaka.com\/?page_id=125"},"modified":"2024-03-26T21:57:07","modified_gmt":"2024-03-26T21:57:07","slug":"kontakt","status":"publish","type":"page","link":"https:\/\/www.apartmaniprivlaka.com\/index.php\/hr\/kontakt\/","title":{"rendered":"Kontakt"},"content":{"rendered":"","protected":false},"excerpt":{"rendered":"","protected":false},"author":3,"featured_media":0,"parent":0,"menu_order":0,"comment_status":"closed","ping_status":"closed","template":"","meta":{"footnotes":""},"class_list":["post-125","page","type-page","status-publish","hentry"],"yoast_head":"<!-- This site is optimized with the Yoast SEO plugin v26.7 - https:\/\/yoast.com\/wordpress\/plugins\/seo\/ -->\n<title>Kontakt - Apartmani Lu\u010di\u0107 | Privlaka, Zadar, Hrvatska (8-10 osoba)<\/title>\n<meta name=\"description\" content=\"Jasminko Lu\u010di\u0107, Telefon +385 23 272 125, Mob +385 98 413 121, E-mail: info@apartmaniprivlaka.com. Kontaktirajte nas ukoliko imate pitanja.\" \/>\n<meta name=\"robots\" content=\"index, follow, max-snippet:-1, max-image-preview:large, max-video-preview:-1\" \/>\n<link rel=\"canonical\" href=\"https:\/\/www.apartmaniprivlaka.com\/index.php\/hr\/kontakt\/\" \/>\n<meta property=\"og:locale\" content=\"en_US\" \/>\n<meta property=\"og:type\" content=\"article\" \/>\n<meta property=\"og:title\" content=\"Kontakt - Apartmani Lu\u010di\u0107 | Privlaka, Zadar, Hrvatska (8-10 osoba)\" \/>\n<meta property=\"og:description\" content=\"Jasminko Lu\u010di\u0107, Telefon +385 23 272 125, Mob +385 98 413 121, E-mail: info@apartmaniprivlaka.com. Kontaktirajte nas ukoliko imate pitanja.\" \/>\n<meta property=\"og:url\" content=\"https:\/\/www.apartmaniprivlaka.com\/index.php\/hr\/kontakt\/\" \/>\n<meta property=\"og:site_name\" content=\"Apartmani Lu\u010di\u0107 | Privlaka, Zadar, Hrvatska (8-10 osoba)\" \/>\n<meta property=\"article:publisher\" content=\"https:\/\/www.facebook.com\/Apartmani-Lu%c4%8di%c4%87-Privlaka-1080004552127636\/\" \/>\n<meta property=\"article:modified_time\" content=\"2024-03-26T21:57:07+00:00\" \/>\n<meta name=\"twitter:card\" content=\"summary_large_image\" \/>\n<script type=\"application\/ld+json\" class=\"yoast-schema-graph\">{\"@context\":\"https:\/\/schema.org\",\"@graph\":[{\"@type\":\"WebPage\",\"@id\":\"https:\/\/www.apartmaniprivlaka.com\/index.php\/hr\/kontakt\/\",\"url\":\"https:\/\/www.apartmaniprivlaka.com\/index.php\/hr\/kontakt\/\",\"name\":\"Kontakt - Apartmani Lu\u010di\u0107 | Privlaka, Zadar, Hrvatska (8-10 osoba)\",\"isPartOf\":{\"@id\":\"https:\/\/www.apartmaniprivlaka.com\/#website\"},\"datePublished\":\"2017-01-13T13:00:39+00:00\",\"dateModified\":\"2024-03-26T21:57:07+00:00\",\"description\":\"Jasminko Lu\u010di\u0107, Telefon +385 23 272 125, Mob +385 98 413 121, E-mail: info@apartmaniprivlaka.com. Kontaktirajte nas ukoliko imate pitanja.\",\"breadcrumb\":{\"@id\":\"https:\/\/www.apartmaniprivlaka.com\/index.php\/hr\/kontakt\/#breadcrumb\"},\"inLanguage\":\"en-US\",\"potentialAction\":[{\"@type\":\"ReadAction\",\"target\":[\"https:\/\/www.apartmaniprivlaka.com\/index.php\/hr\/kontakt\/\"]}]},{\"@type\":\"BreadcrumbList\",\"@id\":\"https:\/\/www.apartmaniprivlaka.com\/index.php\/hr\/kontakt\/#breadcrumb\",\"itemListElement\":[{\"@type\":\"ListItem\",\"position\":1,\"name\":\"Home\",\"item\":\"https:\/\/www.apartmaniprivlaka.com\/index.php\/en\/home\/\"},{\"@type\":\"ListItem\",\"position\":2,\"name\":\"Kontakt\"}]},{\"@type\":\"WebSite\",\"@id\":\"https:\/\/www.apartmaniprivlaka.com\/#website\",\"url\":\"https:\/\/www.apartmaniprivlaka.com\/\",\"name\":\"Apartmani Lu\u010di\u0107 | Privlaka, Zadar, Hrvatska (8-10 osoba)\",\"description\":\"Rezervirajte smje\u0161taj u Privlaci\",\"potentialAction\":[{\"@type\":\"SearchAction\",\"target\":{\"@type\":\"EntryPoint\",\"urlTemplate\":\"https:\/\/www.apartmaniprivlaka.com\/?s={search_term_string}\"},\"query-input\":{\"@type\":\"PropertyValueSpecification\",\"valueRequired\":true,\"valueName\":\"search_term_string\"}}],\"inLanguage\":\"en-US\"}]}<\/script>\n<!-- \/ Yoast SEO plugin. -->","yoast_head_json":{"title":"Kontakt - Apartmani Lu\u010di\u0107 | Privlaka, Zadar, Hrvatska (8-10 osoba)","description":"Jasminko Lu\u010di\u0107, Telefon +385 23 272 125, Mob +385 98 413 121, E-mail: info@apartmaniprivlaka.com. Kontaktirajte nas ukoliko imate pitanja.","robots":{"index":"index","follow":"follow","max-snippet":"max-snippet:-1","max-image-preview":"max-image-preview:large","max-video-preview":"max-video-preview:-1"},"canonical":"https:\/\/www.apartmaniprivlaka.com\/index.php\/hr\/kontakt\/","og_locale":"en_US","og_type":"article","og_title":"Kontakt - Apartmani Lu\u010di\u0107 | Privlaka, Zadar, Hrvatska (8-10 osoba)","og_description":"Jasminko Lu\u010di\u0107, Telefon +385 23 272 125, Mob +385 98 413 121, E-mail: info@apartmaniprivlaka.com. Kontaktirajte nas ukoliko imate pitanja.","og_url":"https:\/\/www.apartmaniprivlaka.com\/index.php\/hr\/kontakt\/","og_site_name":"Apartmani Lu\u010di\u0107 | Privlaka, Zadar, Hrvatska (8-10 osoba)","article_publisher":"https:\/\/www.facebook.com\/Apartmani-Lu%c4%8di%c4%87-Privlaka-1080004552127636\/","article_modified_time":"2024-03-26T21:57:07+00:00","twitter_card":"summary_large_image","schema":{"@context":"https:\/\/schema.org","@graph":[{"@type":"WebPage","@id":"https:\/\/www.apartmaniprivlaka.com\/index.php\/hr\/kontakt\/","url":"https:\/\/www.apartmaniprivlaka.com\/index.php\/hr\/kontakt\/","name":"Kontakt - Apartmani Lu\u010di\u0107 | Privlaka, Zadar, Hrvatska (8-10 osoba)","isPartOf":{"@id":"https:\/\/www.apartmaniprivlaka.com\/#website"},"datePublished":"2017-01-13T13:00:39+00:00","dateModified":"2024-03-26T21:57:07+00:00","description":"Jasminko Lu\u010di\u0107, Telefon +385 23 272 125, Mob +385 98 413 121, E-mail: info@apartmaniprivlaka.com. Kontaktirajte nas ukoliko imate pitanja.","breadcrumb":{"@id":"https:\/\/www.apartmaniprivlaka.com\/index.php\/hr\/kontakt\/#breadcrumb"},"inLanguage":"en-US","potentialAction":[{"@type":"ReadAction","target":["https:\/\/www.apartmaniprivlaka.com\/index.php\/hr\/kontakt\/"]}]},{"@type":"BreadcrumbList","@id":"https:\/\/www.apartmaniprivlaka.com\/index.php\/hr\/kontakt\/#breadcrumb","itemListElement":[{"@type":"ListItem","position":1,"name":"Home","item":"https:\/\/www.apartmaniprivlaka.com\/index.php\/en\/home\/"},{"@type":"ListItem","position":2,"name":"Kontakt"}]},{"@type":"WebSite","@id":"https:\/\/www.apartmaniprivlaka.com\/#website","url":"https:\/\/www.apartmaniprivlaka.com\/","name":"Apartmani Lu\u010di\u0107 | Privlaka, Zadar, Hrvatska (8-10 osoba)","description":"Rezervirajte smje\u0161taj u Privlaci","potentialAction":[{"@type":"SearchAction","target":{"@type":"EntryPoint","urlTemplate":"https:\/\/www.apartmaniprivlaka.com\/?s={search_term_string}"},"query-input":{"@type":"PropertyValueSpecification","valueRequired":true,"valueName":"search_term_string"}}],"inLanguage":"en-US"}]}},"_links":{"self":[{"href":"https:\/\/www.apartmaniprivlaka.com\/index.php\/wp-json\/wp\/v2\/pages\/125","targetHints":{"allow":["GET"]}}],"collection":[{"href":"https:\/\/www.apartmaniprivlaka.com\/index.php\/wp-json\/wp\/v2\/pages"}],"about":[{"href":"https:\/\/www.apartmaniprivlaka.com\/index.php\/wp-json\/wp\/v2\/types\/page"}],"author":[{"embeddable":true,"href":"https:\/\/www.apartmaniprivlaka.com\/index.php\/wp-json\/wp\/v2\/users\/3"}],"replies":[{"embeddable":true,"href":"https:\/\/www.apartmaniprivlaka.com\/index.php\/wp-json\/wp\/v2\/comments?post=125"}],"version-history":[{"count":1,"href":"https:\/\/www.apartmaniprivlaka.com\/index.php\/wp-json\/wp\/v2\/pages\/125\/revisions"}],"predecessor-version":[{"id":126,"href":"https:\/\/www.apartmaniprivlaka.com\/index.php\/wp-json\/wp\/v2\/pages\/125\/revisions\/126"}],"wp:attachment":[{"href":"https:\/\/www.apartmaniprivlaka.com\/index.php\/wp-json\/wp\/v2\/media?parent=125"}],"curies":[{"name":"wp","href":"https:\/\/api.w.org\/{rel}","templated":true}]}}