{"id":138,"date":"2017-01-25T15:36:11","date_gmt":"2017-01-25T15:36:11","guid":{"rendered":"http:\/\/apartmaniprivlaka.com\/?page_id=138"},"modified":"2025-03-09T18:58:12","modified_gmt":"2025-03-09T18:58:12","slug":"apartments","status":"publish","type":"page","link":"https:\/\/www.apartmaniprivlaka.com\/index.php\/en\/apartments\/","title":{"rendered":"Apartments"},"content":{"rendered":"","protected":false},"excerpt":{"rendered":"","protected":false},"author":3,"featured_media":0,"parent":0,"menu_order":0,"comment_status":"closed","ping_status":"closed","template":"","meta":{"footnotes":""},"class_list":["post-138","page","type-page","status-publish","hentry"],"yoast_head":"<!-- This site is optimized with the Yoast SEO plugin v26.7 - https:\/\/yoast.com\/wordpress\/plugins\/seo\/ -->\n<title>Apartments Lucic | Privlaka, Zadar, Croatia (8-10 people) - Apartments we offer<\/title>\n<meta name=\"description\" content=\"Apartments Lucic Privlaka: Size 160 m2, No. people 8-10, Rooms 4, Bathrooms 4, Kitchen 2, Terrace 2, Parking, Grill, Internet, Air conditioning...\" \/>\n<meta name=\"robots\" content=\"index, follow, max-snippet:-1, max-image-preview:large, max-video-preview:-1\" \/>\n<link rel=\"canonical\" href=\"https:\/\/www.apartmaniprivlaka.com\/index.php\/en\/apartments\/\" \/>\n<meta property=\"og:locale\" content=\"en_US\" \/>\n<meta property=\"og:type\" content=\"article\" \/>\n<meta property=\"og:title\" content=\"Apartments Lucic | Privlaka, Zadar, Croatia (8-10 people) - Apartments we offer\" \/>\n<meta property=\"og:description\" content=\"Apartments Lucic Privlaka: Size 160 m2, No. people 8-10, Rooms 4, Bathrooms 4, Kitchen 2, Terrace 2, Parking, Grill, Internet, Air conditioning...\" \/>\n<meta property=\"og:url\" content=\"https:\/\/www.apartmaniprivlaka.com\/index.php\/en\/apartments\/\" \/>\n<meta property=\"og:site_name\" content=\"Apartmani Lu\u010di\u0107 | Privlaka, Zadar, Hrvatska (8-10 osoba)\" \/>\n<meta property=\"article:publisher\" content=\"https:\/\/www.facebook.com\/Apartmani-Lu%c4%8di%c4%87-Privlaka-1080004552127636\/\" \/>\n<meta property=\"article:modified_time\" content=\"2025-03-09T18:58:12+00:00\" \/>\n<meta name=\"twitter:card\" content=\"summary_large_image\" \/>\n<script type=\"application\/ld+json\" class=\"yoast-schema-graph\">{\"@context\":\"https:\/\/schema.org\",\"@graph\":[{\"@type\":\"WebPage\",\"@id\":\"https:\/\/www.apartmaniprivlaka.com\/index.php\/en\/apartments\/\",\"url\":\"https:\/\/www.apartmaniprivlaka.com\/index.php\/en\/apartments\/\",\"name\":\"Apartments Lucic | Privlaka, Zadar, Croatia (8-10 people) - Apartments we offer\",\"isPartOf\":{\"@id\":\"https:\/\/www.apartmaniprivlaka.com\/#website\"},\"datePublished\":\"2017-01-25T15:36:11+00:00\",\"dateModified\":\"2025-03-09T18:58:12+00:00\",\"description\":\"Apartments Lucic Privlaka: Size 160 m2, No. people 8-10, Rooms 4, Bathrooms 4, Kitchen 2, Terrace 2, Parking, Grill, Internet, Air conditioning...\",\"breadcrumb\":{\"@id\":\"https:\/\/www.apartmaniprivlaka.com\/index.php\/en\/apartments\/#breadcrumb\"},\"inLanguage\":\"en-US\",\"potentialAction\":[{\"@type\":\"ReadAction\",\"target\":[\"https:\/\/www.apartmaniprivlaka.com\/index.php\/en\/apartments\/\"]}]},{\"@type\":\"BreadcrumbList\",\"@id\":\"https:\/\/www.apartmaniprivlaka.com\/index.php\/en\/apartments\/#breadcrumb\",\"itemListElement\":[{\"@type\":\"ListItem\",\"position\":1,\"name\":\"Home\",\"item\":\"https:\/\/www.apartmaniprivlaka.com\/index.php\/en\/home\/\"},{\"@type\":\"ListItem\",\"position\":2,\"name\":\"Apartments\"}]},{\"@type\":\"WebSite\",\"@id\":\"https:\/\/www.apartmaniprivlaka.com\/#website\",\"url\":\"https:\/\/www.apartmaniprivlaka.com\/\",\"name\":\"Apartmani Lu\u010di\u0107 | Privlaka, Zadar, Hrvatska (8-10 osoba)\",\"description\":\"Rezervirajte smje\u0161taj u Privlaci\",\"potentialAction\":[{\"@type\":\"SearchAction\",\"target\":{\"@type\":\"EntryPoint\",\"urlTemplate\":\"https:\/\/www.apartmaniprivlaka.com\/?s={search_term_string}\"},\"query-input\":{\"@type\":\"PropertyValueSpecification\",\"valueRequired\":true,\"valueName\":\"search_term_string\"}}],\"inLanguage\":\"en-US\"}]}<\/script>\n<!-- \/ Yoast SEO plugin. -->","yoast_head_json":{"title":"Apartments Lucic | Privlaka, Zadar, Croatia (8-10 people) - Apartments we offer","description":"Apartments Lucic Privlaka: Size 160 m2, No. people 8-10, Rooms 4, Bathrooms 4, Kitchen 2, Terrace 2, Parking, Grill, Internet, Air conditioning...","robots":{"index":"index","follow":"follow","max-snippet":"max-snippet:-1","max-image-preview":"max-image-preview:large","max-video-preview":"max-video-preview:-1"},"canonical":"https:\/\/www.apartmaniprivlaka.com\/index.php\/en\/apartments\/","og_locale":"en_US","og_type":"article","og_title":"Apartments Lucic | Privlaka, Zadar, Croatia (8-10 people) - Apartments we offer","og_description":"Apartments Lucic Privlaka: Size 160 m2, No. people 8-10, Rooms 4, Bathrooms 4, Kitchen 2, Terrace 2, Parking, Grill, Internet, Air conditioning...","og_url":"https:\/\/www.apartmaniprivlaka.com\/index.php\/en\/apartments\/","og_site_name":"Apartmani Lu\u010di\u0107 | Privlaka, Zadar, Hrvatska (8-10 osoba)","article_publisher":"https:\/\/www.facebook.com\/Apartmani-Lu%c4%8di%c4%87-Privlaka-1080004552127636\/","article_modified_time":"2025-03-09T18:58:12+00:00","twitter_card":"summary_large_image","schema":{"@context":"https:\/\/schema.org","@graph":[{"@type":"WebPage","@id":"https:\/\/www.apartmaniprivlaka.com\/index.php\/en\/apartments\/","url":"https:\/\/www.apartmaniprivlaka.com\/index.php\/en\/apartments\/","name":"Apartments Lucic | Privlaka, Zadar, Croatia (8-10 people) - Apartments we offer","isPartOf":{"@id":"https:\/\/www.apartmaniprivlaka.com\/#website"},"datePublished":"2017-01-25T15:36:11+00:00","dateModified":"2025-03-09T18:58:12+00:00","description":"Apartments Lucic Privlaka: Size 160 m2, No. people 8-10, Rooms 4, Bathrooms 4, Kitchen 2, Terrace 2, Parking, Grill, Internet, Air conditioning...","breadcrumb":{"@id":"https:\/\/www.apartmaniprivlaka.com\/index.php\/en\/apartments\/#breadcrumb"},"inLanguage":"en-US","potentialAction":[{"@type":"ReadAction","target":["https:\/\/www.apartmaniprivlaka.com\/index.php\/en\/apartments\/"]}]},{"@type":"BreadcrumbList","@id":"https:\/\/www.apartmaniprivlaka.com\/index.php\/en\/apartments\/#breadcrumb","itemListElement":[{"@type":"ListItem","position":1,"name":"Home","item":"https:\/\/www.apartmaniprivlaka.com\/index.php\/en\/home\/"},{"@type":"ListItem","position":2,"name":"Apartments"}]},{"@type":"WebSite","@id":"https:\/\/www.apartmaniprivlaka.com\/#website","url":"https:\/\/www.apartmaniprivlaka.com\/","name":"Apartmani Lu\u010di\u0107 | Privlaka, Zadar, Hrvatska (8-10 osoba)","description":"Rezervirajte smje\u0161taj u Privlaci","potentialAction":[{"@type":"SearchAction","target":{"@type":"EntryPoint","urlTemplate":"https:\/\/www.apartmaniprivlaka.com\/?s={search_term_string}"},"query-input":{"@type":"PropertyValueSpecification","valueRequired":true,"valueName":"search_term_string"}}],"inLanguage":"en-US"}]}},"_links":{"self":[{"href":"https:\/\/www.apartmaniprivlaka.com\/index.php\/wp-json\/wp\/v2\/pages\/138","targetHints":{"allow":["GET"]}}],"collection":[{"href":"https:\/\/www.apartmaniprivlaka.com\/index.php\/wp-json\/wp\/v2\/pages"}],"about":[{"href":"https:\/\/www.apartmaniprivlaka.com\/index.php\/wp-json\/wp\/v2\/types\/page"}],"author":[{"embeddable":true,"href":"https:\/\/www.apartmaniprivlaka.com\/index.php\/wp-json\/wp\/v2\/users\/3"}],"replies":[{"embeddable":true,"href":"https:\/\/www.apartmaniprivlaka.com\/index.php\/wp-json\/wp\/v2\/comments?post=138"}],"version-history":[{"count":1,"href":"https:\/\/www.apartmaniprivlaka.com\/index.php\/wp-json\/wp\/v2\/pages\/138\/revisions"}],"predecessor-version":[{"id":139,"href":"https:\/\/www.apartmaniprivlaka.com\/index.php\/wp-json\/wp\/v2\/pages\/138\/revisions\/139"}],"wp:attachment":[{"href":"https:\/\/www.apartmaniprivlaka.com\/index.php\/wp-json\/wp\/v2\/media?parent=138"}],"curies":[{"name":"wp","href":"https:\/\/api.w.org\/{rel}","templated":true}]}}