{"id":155,"date":"2017-01-26T20:30:11","date_gmt":"2017-01-26T20:30:11","guid":{"rendered":"http:\/\/apartmaniprivlaka.com\/?page_id=155"},"modified":"2017-01-26T23:23:48","modified_gmt":"2017-01-26T23:23:48","slug":"places-to-visit","status":"publish","type":"page","link":"https:\/\/www.apartmaniprivlaka.com\/index.php\/en\/places-to-visit\/","title":{"rendered":"Places to visit"},"content":{"rendered":"","protected":false},"excerpt":{"rendered":"","protected":false},"author":3,"featured_media":0,"parent":0,"menu_order":0,"comment_status":"closed","ping_status":"closed","template":"","meta":{"footnotes":""},"class_list":["post-155","page","type-page","status-publish","hentry"],"yoast_head":"<!-- This site is optimized with the Yoast SEO plugin v26.7 - https:\/\/yoast.com\/wordpress\/plugins\/seo\/ -->\n<title>Apartments Lucic | Privlaka, Zadar, Croatia (8-10 people) - Places to visit<\/title>\n<meta name=\"description\" content=\"Privlaka is located close to five national parks and two nature parks and numerous historical monuments and attractions. Cities to visit Zadar and Nin.\" \/>\n<meta name=\"robots\" content=\"index, follow, max-snippet:-1, max-image-preview:large, max-video-preview:-1\" \/>\n<link rel=\"canonical\" href=\"https:\/\/www.apartmaniprivlaka.com\/index.php\/en\/places-to-visit\/\" \/>\n<meta property=\"og:locale\" content=\"en_US\" \/>\n<meta property=\"og:type\" content=\"article\" \/>\n<meta property=\"og:title\" content=\"Apartments Lucic | Privlaka, Zadar, Croatia (8-10 people) - Places to visit\" \/>\n<meta property=\"og:description\" content=\"Privlaka is located close to five national parks and two nature parks and numerous historical monuments and attractions. Cities to visit Zadar and Nin.\" \/>\n<meta property=\"og:url\" content=\"https:\/\/www.apartmaniprivlaka.com\/index.php\/en\/places-to-visit\/\" \/>\n<meta property=\"og:site_name\" content=\"Apartmani Lu\u010di\u0107 | Privlaka, Zadar, Hrvatska (8-10 osoba)\" \/>\n<meta property=\"article:publisher\" content=\"https:\/\/www.facebook.com\/Apartmani-Lu%c4%8di%c4%87-Privlaka-1080004552127636\/\" \/>\n<meta property=\"article:modified_time\" content=\"2017-01-26T23:23:48+00:00\" \/>\n<meta name=\"twitter:card\" content=\"summary_large_image\" \/>\n<script type=\"application\/ld+json\" class=\"yoast-schema-graph\">{\"@context\":\"https:\/\/schema.org\",\"@graph\":[{\"@type\":\"WebPage\",\"@id\":\"https:\/\/www.apartmaniprivlaka.com\/index.php\/en\/places-to-visit\/\",\"url\":\"https:\/\/www.apartmaniprivlaka.com\/index.php\/en\/places-to-visit\/\",\"name\":\"Apartments Lucic | Privlaka, Zadar, Croatia (8-10 people) - Places to visit\",\"isPartOf\":{\"@id\":\"https:\/\/www.apartmaniprivlaka.com\/#website\"},\"datePublished\":\"2017-01-26T20:30:11+00:00\",\"dateModified\":\"2017-01-26T23:23:48+00:00\",\"description\":\"Privlaka is located close to five national parks and two nature parks and numerous historical monuments and attractions. Cities to visit Zadar and Nin.\",\"breadcrumb\":{\"@id\":\"https:\/\/www.apartmaniprivlaka.com\/index.php\/en\/places-to-visit\/#breadcrumb\"},\"inLanguage\":\"en-US\",\"potentialAction\":[{\"@type\":\"ReadAction\",\"target\":[\"https:\/\/www.apartmaniprivlaka.com\/index.php\/en\/places-to-visit\/\"]}]},{\"@type\":\"BreadcrumbList\",\"@id\":\"https:\/\/www.apartmaniprivlaka.com\/index.php\/en\/places-to-visit\/#breadcrumb\",\"itemListElement\":[{\"@type\":\"ListItem\",\"position\":1,\"name\":\"Home\",\"item\":\"https:\/\/www.apartmaniprivlaka.com\/index.php\/en\/home\/\"},{\"@type\":\"ListItem\",\"position\":2,\"name\":\"Places to visit\"}]},{\"@type\":\"WebSite\",\"@id\":\"https:\/\/www.apartmaniprivlaka.com\/#website\",\"url\":\"https:\/\/www.apartmaniprivlaka.com\/\",\"name\":\"Apartmani Lu\u010di\u0107 | Privlaka, Zadar, Hrvatska (8-10 osoba)\",\"description\":\"Rezervirajte smje\u0161taj u Privlaci\",\"potentialAction\":[{\"@type\":\"SearchAction\",\"target\":{\"@type\":\"EntryPoint\",\"urlTemplate\":\"https:\/\/www.apartmaniprivlaka.com\/?s={search_term_string}\"},\"query-input\":{\"@type\":\"PropertyValueSpecification\",\"valueRequired\":true,\"valueName\":\"search_term_string\"}}],\"inLanguage\":\"en-US\"}]}<\/script>\n<!-- \/ Yoast SEO plugin. -->","yoast_head_json":{"title":"Apartments Lucic | Privlaka, Zadar, Croatia (8-10 people) - Places to visit","description":"Privlaka is located close to five national parks and two nature parks and numerous historical monuments and attractions. Cities to visit Zadar and Nin.","robots":{"index":"index","follow":"follow","max-snippet":"max-snippet:-1","max-image-preview":"max-image-preview:large","max-video-preview":"max-video-preview:-1"},"canonical":"https:\/\/www.apartmaniprivlaka.com\/index.php\/en\/places-to-visit\/","og_locale":"en_US","og_type":"article","og_title":"Apartments Lucic | Privlaka, Zadar, Croatia (8-10 people) - Places to visit","og_description":"Privlaka is located close to five national parks and two nature parks and numerous historical monuments and attractions. Cities to visit Zadar and Nin.","og_url":"https:\/\/www.apartmaniprivlaka.com\/index.php\/en\/places-to-visit\/","og_site_name":"Apartmani Lu\u010di\u0107 | Privlaka, Zadar, Hrvatska (8-10 osoba)","article_publisher":"https:\/\/www.facebook.com\/Apartmani-Lu%c4%8di%c4%87-Privlaka-1080004552127636\/","article_modified_time":"2017-01-26T23:23:48+00:00","twitter_card":"summary_large_image","schema":{"@context":"https:\/\/schema.org","@graph":[{"@type":"WebPage","@id":"https:\/\/www.apartmaniprivlaka.com\/index.php\/en\/places-to-visit\/","url":"https:\/\/www.apartmaniprivlaka.com\/index.php\/en\/places-to-visit\/","name":"Apartments Lucic | Privlaka, Zadar, Croatia (8-10 people) - Places to visit","isPartOf":{"@id":"https:\/\/www.apartmaniprivlaka.com\/#website"},"datePublished":"2017-01-26T20:30:11+00:00","dateModified":"2017-01-26T23:23:48+00:00","description":"Privlaka is located close to five national parks and two nature parks and numerous historical monuments and attractions. Cities to visit Zadar and Nin.","breadcrumb":{"@id":"https:\/\/www.apartmaniprivlaka.com\/index.php\/en\/places-to-visit\/#breadcrumb"},"inLanguage":"en-US","potentialAction":[{"@type":"ReadAction","target":["https:\/\/www.apartmaniprivlaka.com\/index.php\/en\/places-to-visit\/"]}]},{"@type":"BreadcrumbList","@id":"https:\/\/www.apartmaniprivlaka.com\/index.php\/en\/places-to-visit\/#breadcrumb","itemListElement":[{"@type":"ListItem","position":1,"name":"Home","item":"https:\/\/www.apartmaniprivlaka.com\/index.php\/en\/home\/"},{"@type":"ListItem","position":2,"name":"Places to visit"}]},{"@type":"WebSite","@id":"https:\/\/www.apartmaniprivlaka.com\/#website","url":"https:\/\/www.apartmaniprivlaka.com\/","name":"Apartmani Lu\u010di\u0107 | Privlaka, Zadar, Hrvatska (8-10 osoba)","description":"Rezervirajte smje\u0161taj u Privlaci","potentialAction":[{"@type":"SearchAction","target":{"@type":"EntryPoint","urlTemplate":"https:\/\/www.apartmaniprivlaka.com\/?s={search_term_string}"},"query-input":{"@type":"PropertyValueSpecification","valueRequired":true,"valueName":"search_term_string"}}],"inLanguage":"en-US"}]}},"_links":{"self":[{"href":"https:\/\/www.apartmaniprivlaka.com\/index.php\/wp-json\/wp\/v2\/pages\/155","targetHints":{"allow":["GET"]}}],"collection":[{"href":"https:\/\/www.apartmaniprivlaka.com\/index.php\/wp-json\/wp\/v2\/pages"}],"about":[{"href":"https:\/\/www.apartmaniprivlaka.com\/index.php\/wp-json\/wp\/v2\/types\/page"}],"author":[{"embeddable":true,"href":"https:\/\/www.apartmaniprivlaka.com\/index.php\/wp-json\/wp\/v2\/users\/3"}],"replies":[{"embeddable":true,"href":"https:\/\/www.apartmaniprivlaka.com\/index.php\/wp-json\/wp\/v2\/comments?post=155"}],"version-history":[{"count":1,"href":"https:\/\/www.apartmaniprivlaka.com\/index.php\/wp-json\/wp\/v2\/pages\/155\/revisions"}],"predecessor-version":[{"id":156,"href":"https:\/\/www.apartmaniprivlaka.com\/index.php\/wp-json\/wp\/v2\/pages\/155\/revisions\/156"}],"wp:attachment":[{"href":"https:\/\/www.apartmaniprivlaka.com\/index.php\/wp-json\/wp\/v2\/media?parent=155"}],"curies":[{"name":"wp","href":"https:\/\/api.w.org\/{rel}","templated":true}]}}